{"id":2590,"date":"2021-11-07T11:34:14","date_gmt":"2021-11-07T11:34:14","guid":{"rendered":"http:\/\/filipc10.sg-host.com\/muj-ucet\/"},"modified":"2021-11-07T11:34:14","modified_gmt":"2021-11-07T11:34:14","slug":"muj-ucet","status":"publish","type":"page","link":"https:\/\/pivotogo.cz\/cs\/muj-ucet\/","title":{"rendered":"M\u016fj \u00fa\u010det"},"content":{"rendered":"<div class=\"woocommerce\"><\/div>\n","protected":false},"excerpt":{"rendered":"","protected":false},"author":1,"featured_media":0,"parent":0,"menu_order":4,"comment_status":"closed","ping_status":"closed","template":"","meta":{"footnotes":""},"class_list":["post-2590","page","type-page","status-publish","hentry"],"jetpack_sharing_enabled":true,"_links":{"self":[{"href":"https:\/\/pivotogo.cz\/cs\/wp-json\/wp\/v2\/pages\/2590","targetHints":{"allow":["GET"]}}],"collection":[{"href":"https:\/\/pivotogo.cz\/cs\/wp-json\/wp\/v2\/pages"}],"about":[{"href":"https:\/\/pivotogo.cz\/cs\/wp-json\/wp\/v2\/types\/page"}],"author":[{"embeddable":true,"href":"https:\/\/pivotogo.cz\/cs\/wp-json\/wp\/v2\/users\/1"}],"replies":[{"embeddable":true,"href":"https:\/\/pivotogo.cz\/cs\/wp-json\/wp\/v2\/comments?post=2590"}],"version-history":[{"count":2,"href":"https:\/\/pivotogo.cz\/cs\/wp-json\/wp\/v2\/pages\/2590\/revisions"}],"predecessor-version":[{"id":2593,"href":"https:\/\/pivotogo.cz\/cs\/wp-json\/wp\/v2\/pages\/2590\/revisions\/2593"}],"wp:attachment":[{"href":"https:\/\/pivotogo.cz\/cs\/wp-json\/wp\/v2\/media?parent=2590"}],"curies":[{"name":"wp","href":"https:\/\/api.w.org\/{rel}","templated":true}]}}