{"id":3023,"date":"2021-11-15T01:36:07","date_gmt":"2021-11-15T01:36:07","guid":{"rendered":"http:\/\/filipc10.sg-host.com\/?page_id=3023"},"modified":"2021-11-15T14:21:22","modified_gmt":"2021-11-15T14:21:22","slug":"staceni-piva","status":"publish","type":"page","link":"https:\/\/pivotogo.cz\/cs\/staceni-piva\/","title":{"rendered":"St\u00e1\u010den\u00ed piva"},"content":{"rendered":"\t\t<div data-elementor-type=\"wp-page\" data-elementor-id=\"3023\" class=\"elementor elementor-3023\" data-elementor-settings=\"{&quot;ha_cmc_init_switcher&quot;:&quot;no&quot;}\" data-elementor-post-type=\"page\">\n\t\t\t\t\t\t<section class=\"elementor-section elementor-top-section elementor-element elementor-element-f1a81e6 elementor-section-full_width elementor-section-height-default elementor-section-height-default\" data-id=\"f1a81e6\" data-element_type=\"section\" data-e-type=\"section\" data-settings=\"{&quot;background_background&quot;:&quot;classic&quot;,&quot;_ha_eqh_enable&quot;:false}\">\n\t\t\t\t\t\t<div class=\"elementor-container elementor-column-gap-default\">\n\t\t\t\t\t<div class=\"elementor-column elementor-col-50 elementor-top-column elementor-element elementor-element-3cc9310\" data-id=\"3cc9310\" data-element_type=\"column\" data-e-type=\"column\" data-settings=\"{&quot;background_background&quot;:&quot;gradient&quot;}\">\n\t\t\t<div class=\"elementor-widget-wrap elementor-element-populated\">\n\t\t\t\t\t\t<div class=\"elementor-element elementor-element-630b0b5 elementor-widget elementor-widget-heading\" data-id=\"630b0b5\" data-element_type=\"widget\" data-e-type=\"widget\" data-widget_type=\"heading.default\">\n\t\t\t\t<div class=\"elementor-widget-container\">\n\t\t\t\t\t<h2 class=\"elementor-heading-title elementor-size-default\">St\u00e1\u010den\u00ed piva ze sud\u016f do plechovek\n<\/h2>\t\t\t\t<\/div>\n\t\t\t\t<\/div>\n\t\t\t\t<div class=\"elementor-element elementor-element-b96b1f5 elementor-widget elementor-widget-text-editor\" data-id=\"b96b1f5\" data-element_type=\"widget\" data-e-type=\"widget\" data-widget_type=\"text-editor.default\">\n\t\t\t\t<div class=\"elementor-widget-container\">\n\t\t\t\t\t\t\t\t\t<p><strong>Vhodn\u00e9 pro pivovary, kte\u0159\u00ed si cht\u011bj\u00ed nechat sto\u010dit pivo do plechovek v men\u0161\u00edch mno\u017estv\u00ed 100 &#8211; 5000 kus\u016f ji\u017e od jednoho KEGu.<\/strong><\/p>\n<p>Poskytujeme kompletn\u00ed slu\u017ebu v\u010detn\u011b svozu, sto\u010den\u00ed, etiketov\u00e1n\u00ed nebo<span style=\"text-decoration: underline;\"><span style=\"color: #ffffff;\"> <a style=\"color: #ffffff; text-decoration: underline;\" href=\"https:\/\/pivotogo.cz\/cs\/prodejna\/slevovani-plechovek\/\">shrink sleevov\u00e1n\u00ed<\/a><\/span><\/span> a balen\u00ed po 24 ks do TRAY ve smr\u0161\u0165ovac\u00ed folii.<\/p>\n<p>Ceny se pohybuj\u00ed od 8,- K\u010d za sto\u010den\u00ed v\u010d. plechovky.&nbsp;<\/p><p><b>R\u00e1di V\u00e1m p\u0159iprav\u00edme cenovou nab\u00eddku<\/b><\/p>\t\t\t\t\t\t\t\t<\/div>\n\t\t\t\t<\/div>\n\t\t\t\t<div class=\"elementor-element elementor-element-d6be493 elementor-align-center elementor-widget elementor-widget-button\" data-id=\"d6be493\" data-element_type=\"widget\" data-e-type=\"widget\" data-widget_type=\"button.default\">\n\t\t\t\t<div class=\"elementor-widget-container\">\n\t\t\t\t\t\t\t\t\t<div class=\"elementor-button-wrapper\">\n\t\t\t\t\t<a class=\"elementor-button elementor-button-link elementor-size-sm\" href=\"https:\/\/pivotogo.cz\/cs\/kontaktujte-nas\/\">\n\t\t\t\t\t\t<span class=\"elementor-button-content-wrapper\">\n\t\t\t\t\t\t\t\t\t<span class=\"elementor-button-text\"> kontaktuje n\u00e1s<\/span>\n\t\t\t\t\t<\/span>\n\t\t\t\t\t<\/a>\n\t\t\t\t<\/div>\n\t\t\t\t\t\t\t\t<\/div>\n\t\t\t\t<\/div>\n\t\t\t\t\t<\/div>\n\t\t<\/div>\n\t\t\t\t<div class=\"elementor-column elementor-col-50 elementor-top-column elementor-element elementor-element-d273017\" data-id=\"d273017\" data-element_type=\"column\" data-e-type=\"column\" data-settings=\"{&quot;background_background&quot;:&quot;classic&quot;}\">\n\t\t\t<div class=\"elementor-widget-wrap elementor-element-populated\">\n\t\t\t\t\t\t<div class=\"elementor-element elementor-element-c363ee3 elementor-widget elementor-widget-spacer\" data-id=\"c363ee3\" data-element_type=\"widget\" data-e-type=\"widget\" data-widget_type=\"spacer.default\">\n\t\t\t\t<div class=\"elementor-widget-container\">\n\t\t\t\t\t\t\t<div class=\"elementor-spacer\">\n\t\t\t<div class=\"elementor-spacer-inner\"><\/div>\n\t\t<\/div>\n\t\t\t\t\t\t<\/div>\n\t\t\t\t<\/div>\n\t\t\t\t\t<\/div>\n\t\t<\/div>\n\t\t\t\t\t<\/div>\n\t\t<\/section>\n\t\t\t\t<section class=\"elementor-section elementor-top-section elementor-element elementor-element-407beed elementor-section-full_width elementor-section-height-default elementor-section-height-default\" data-id=\"407beed\" data-element_type=\"section\" data-e-type=\"section\" data-settings=\"{&quot;_ha_eqh_enable&quot;:false}\">\n\t\t\t\t\t\t<div class=\"elementor-container elementor-column-gap-default\">\n\t\t\t\t\t<div class=\"elementor-column elementor-col-100 elementor-top-column elementor-element elementor-element-12e91d2\" data-id=\"12e91d2\" data-element_type=\"column\" data-e-type=\"column\">\n\t\t\t<div class=\"elementor-widget-wrap elementor-element-populated\">\n\t\t\t\t\t\t<div class=\"elementor-element elementor-element-1dffd49 elementor-widget elementor-widget-gallery\" data-id=\"1dffd49\" data-element_type=\"widget\" data-e-type=\"widget\" data-settings=\"{&quot;gap&quot;:{&quot;unit&quot;:&quot;px&quot;,&quot;size&quot;:5,&quot;sizes&quot;:[]},&quot;aspect_ratio&quot;:&quot;4:3&quot;,&quot;columns_mobile&quot;:2,&quot;columns&quot;:3,&quot;lazyload&quot;:&quot;yes&quot;,&quot;gallery_layout&quot;:&quot;grid&quot;,&quot;columns_tablet&quot;:2,&quot;gap_tablet&quot;:{&quot;unit&quot;:&quot;px&quot;,&quot;size&quot;:10,&quot;sizes&quot;:[]},&quot;gap_mobile&quot;:{&quot;unit&quot;:&quot;px&quot;,&quot;size&quot;:10,&quot;sizes&quot;:[]},&quot;link_to&quot;:&quot;file&quot;,&quot;overlay_background&quot;:&quot;yes&quot;,&quot;content_hover_animation&quot;:&quot;fade-in&quot;}\" data-widget_type=\"gallery.default\">\n\t\t\t\t<div class=\"elementor-widget-container\">\n\t\t\t\t\t\t\t<div class=\"elementor-gallery__container\">\n\t\t\t\t\t\t\t<a class=\"e-gallery-item elementor-gallery-item elementor-animated-content\" href=\"https:\/\/pivotogo.cz\/wp-content\/uploads\/2021\/11\/8B7C049D-4A93-463B-8A7C-143277F60A16_1_105_c.jpeg\" data-elementor-open-lightbox=\"yes\" data-elementor-lightbox-slideshow=\"1dffd49\" data-elementor-lightbox-title=\"8B7C049D-4A93-463B-8A7C-143277F60A16_1_105_c\" data-e-action-hash=\"#elementor-action%3Aaction%3Dlightbox%26settings%3DeyJpZCI6MzE2MSwidXJsIjoiaHR0cHM6XC9cL3Bpdm90b2dvLmN6XC93cC1jb250ZW50XC91cGxvYWRzXC8yMDIxXC8xMVwvOEI3QzA0OUQtNEE5My00NjNCLThBN0MtMTQzMjc3RjYwQTE2XzFfMTA1X2MuanBlZyIsInNsaWRlc2hvdyI6IjFkZmZkNDkifQ%3D%3D\">\n\t\t\t\t\t<div class=\"e-gallery-image elementor-gallery-item__image\" data-thumbnail=\"https:\/\/pivotogo.cz\/wp-content\/uploads\/2021\/11\/8B7C049D-4A93-463B-8A7C-143277F60A16_1_105_c.jpeg\" data-width=\"640\" data-height=\"480\" aria-label=\"\" role=\"img\" ><\/div>\n\t\t\t\t\t\t\t\t\t\t\t<div class=\"elementor-gallery-item__overlay\"><\/div>\n\t\t\t\t\t\t\t\t\t\t\t\t\t\t<\/a>\n\t\t\t\t\t\t\t<a class=\"e-gallery-item elementor-gallery-item elementor-animated-content\" href=\"https:\/\/pivotogo.cz\/wp-content\/uploads\/2021\/11\/8FEB02A4-5234-492B-B477-4CD50BF91812_1_105_c.jpeg\" data-elementor-open-lightbox=\"yes\" data-elementor-lightbox-slideshow=\"1dffd49\" data-elementor-lightbox-title=\"8FEB02A4-5234-492B-B477-4CD50BF91812_1_105_c\" data-e-action-hash=\"#elementor-action%3Aaction%3Dlightbox%26settings%3DeyJpZCI6MzE2MywidXJsIjoiaHR0cHM6XC9cL3Bpdm90b2dvLmN6XC93cC1jb250ZW50XC91cGxvYWRzXC8yMDIxXC8xMVwvOEZFQjAyQTQtNTIzNC00OTJCLUI0NzctNENENTBCRjkxODEyXzFfMTA1X2MuanBlZyIsInNsaWRlc2hvdyI6IjFkZmZkNDkifQ%3D%3D\">\n\t\t\t\t\t<div class=\"e-gallery-image elementor-gallery-item__image\" data-thumbnail=\"https:\/\/pivotogo.cz\/wp-content\/uploads\/2021\/11\/8FEB02A4-5234-492B-B477-4CD50BF91812_1_105_c.jpeg\" data-width=\"640\" data-height=\"480\" aria-label=\"\" role=\"img\" ><\/div>\n\t\t\t\t\t\t\t\t\t\t\t<div class=\"elementor-gallery-item__overlay\"><\/div>\n\t\t\t\t\t\t\t\t\t\t\t\t\t\t<\/a>\n\t\t\t\t\t\t\t<a class=\"e-gallery-item elementor-gallery-item elementor-animated-content\" href=\"https:\/\/pivotogo.cz\/wp-content\/uploads\/2021\/11\/6698B4D6-344A-4BFE-8300-A31137810B38_1_105_c.jpeg\" data-elementor-open-lightbox=\"yes\" data-elementor-lightbox-slideshow=\"1dffd49\" data-elementor-lightbox-title=\"6698B4D6-344A-4BFE-8300-A31137810B38_1_105_c\" data-e-action-hash=\"#elementor-action%3Aaction%3Dlightbox%26settings%3DeyJpZCI6MzE2NSwidXJsIjoiaHR0cHM6XC9cL3Bpdm90b2dvLmN6XC93cC1jb250ZW50XC91cGxvYWRzXC8yMDIxXC8xMVwvNjY5OEI0RDYtMzQ0QS00QkZFLTgzMDAtQTMxMTM3ODEwQjM4XzFfMTA1X2MuanBlZyIsInNsaWRlc2hvdyI6IjFkZmZkNDkifQ%3D%3D\">\n\t\t\t\t\t<div class=\"e-gallery-image elementor-gallery-item__image\" data-thumbnail=\"https:\/\/pivotogo.cz\/wp-content\/uploads\/2021\/11\/6698B4D6-344A-4BFE-8300-A31137810B38_1_105_c.jpeg\" data-width=\"480\" data-height=\"640\" aria-label=\"\" role=\"img\" ><\/div>\n\t\t\t\t\t\t\t\t\t\t\t<div class=\"elementor-gallery-item__overlay\"><\/div>\n\t\t\t\t\t\t\t\t\t\t\t\t\t\t<\/a>\n\t\t\t\t\t\t\t<a class=\"e-gallery-item elementor-gallery-item elementor-animated-content\" href=\"https:\/\/pivotogo.cz\/wp-content\/uploads\/2021\/11\/77670234-DE5D-4C0F-9D4B-240DC660F34E_1_105_c.jpeg\" data-elementor-open-lightbox=\"yes\" data-elementor-lightbox-slideshow=\"1dffd49\" data-elementor-lightbox-title=\"77670234-DE5D-4C0F-9D4B-240DC660F34E_1_105_c\" data-e-action-hash=\"#elementor-action%3Aaction%3Dlightbox%26settings%3DeyJpZCI6MzE2NywidXJsIjoiaHR0cHM6XC9cL3Bpdm90b2dvLmN6XC93cC1jb250ZW50XC91cGxvYWRzXC8yMDIxXC8xMVwvNzc2NzAyMzQtREU1RC00QzBGLTlENEItMjQwREM2NjBGMzRFXzFfMTA1X2MuanBlZyIsInNsaWRlc2hvdyI6IjFkZmZkNDkifQ%3D%3D\">\n\t\t\t\t\t<div class=\"e-gallery-image elementor-gallery-item__image\" data-thumbnail=\"https:\/\/pivotogo.cz\/wp-content\/uploads\/2021\/11\/77670234-DE5D-4C0F-9D4B-240DC660F34E_1_105_c.jpeg\" data-width=\"640\" data-height=\"360\" aria-label=\"\" role=\"img\" ><\/div>\n\t\t\t\t\t\t\t\t\t\t\t<div class=\"elementor-gallery-item__overlay\"><\/div>\n\t\t\t\t\t\t\t\t\t\t\t\t\t\t<\/a>\n\t\t\t\t\t\t\t<a class=\"e-gallery-item elementor-gallery-item elementor-animated-content\" href=\"https:\/\/pivotogo.cz\/wp-content\/uploads\/2021\/11\/DC03AC8F-BDCC-4B70-A9F1-E4D8B1811040_1_105_c.jpeg\" data-elementor-open-lightbox=\"yes\" data-elementor-lightbox-slideshow=\"1dffd49\" data-elementor-lightbox-title=\"DC03AC8F-BDCC-4B70-A9F1-E4D8B1811040_1_105_c\" data-e-action-hash=\"#elementor-action%3Aaction%3Dlightbox%26settings%3DeyJpZCI6MzE2OSwidXJsIjoiaHR0cHM6XC9cL3Bpdm90b2dvLmN6XC93cC1jb250ZW50XC91cGxvYWRzXC8yMDIxXC8xMVwvREMwM0FDOEYtQkRDQy00QjcwLUE5RjEtRTREOEIxODExMDQwXzFfMTA1X2MuanBlZyIsInNsaWRlc2hvdyI6IjFkZmZkNDkifQ%3D%3D\">\n\t\t\t\t\t<div class=\"e-gallery-image elementor-gallery-item__image\" data-thumbnail=\"https:\/\/pivotogo.cz\/wp-content\/uploads\/2021\/11\/DC03AC8F-BDCC-4B70-A9F1-E4D8B1811040_1_105_c.jpeg\" data-width=\"640\" data-height=\"480\" aria-label=\"\" role=\"img\" ><\/div>\n\t\t\t\t\t\t\t\t\t\t\t<div class=\"elementor-gallery-item__overlay\"><\/div>\n\t\t\t\t\t\t\t\t\t\t\t\t\t\t<\/a>\n\t\t\t\t\t\t\t<a class=\"e-gallery-item elementor-gallery-item elementor-animated-content\" href=\"https:\/\/pivotogo.cz\/wp-content\/uploads\/2021\/11\/F90F6C5B-9B0C-4EEF-AB5F-3CAAA91EC673_1_105_c.jpeg\" data-elementor-open-lightbox=\"yes\" data-elementor-lightbox-slideshow=\"1dffd49\" data-elementor-lightbox-title=\"F90F6C5B-9B0C-4EEF-AB5F-3CAAA91EC673_1_105_c\" data-e-action-hash=\"#elementor-action%3Aaction%3Dlightbox%26settings%3DeyJpZCI6MzE3MSwidXJsIjoiaHR0cHM6XC9cL3Bpdm90b2dvLmN6XC93cC1jb250ZW50XC91cGxvYWRzXC8yMDIxXC8xMVwvRjkwRjZDNUItOUIwQy00RUVGLUFCNUYtM0NBQUE5MUVDNjczXzFfMTA1X2MuanBlZyIsInNsaWRlc2hvdyI6IjFkZmZkNDkifQ%3D%3D\">\n\t\t\t\t\t<div class=\"e-gallery-image elementor-gallery-item__image\" data-thumbnail=\"https:\/\/pivotogo.cz\/wp-content\/uploads\/2021\/11\/F90F6C5B-9B0C-4EEF-AB5F-3CAAA91EC673_1_105_c.jpeg\" data-width=\"640\" data-height=\"480\" aria-label=\"\" role=\"img\" ><\/div>\n\t\t\t\t\t\t\t\t\t\t\t<div class=\"elementor-gallery-item__overlay\"><\/div>\n\t\t\t\t\t\t\t\t\t\t\t\t\t\t<\/a>\n\t\t\t\t\t<\/div>\n\t\t\t\t\t<\/div>\n\t\t\t\t<\/div>\n\t\t\t\t\t<\/div>\n\t\t<\/div>\n\t\t\t\t\t<\/div>\n\t\t<\/section>\n\t\t\t\t<\/div>\n\t\t","protected":false},"excerpt":{"rendered":"<p>St\u00e1\u010den\u00ed piva ze sud\u016f do plechovek Vhodn\u00e9 pro pivovary, kte\u0159\u00ed si cht\u011bj\u00ed nechat sto\u010dit pivo do plechovek v men\u0161\u00edch mno\u017estv\u00ed 100 &#8211; 5000 kus\u016f ji\u017e od jednoho KEGu. Poskytujeme kompletn\u00ed slu\u017ebu v\u010detn\u011b svozu, sto\u010den\u00ed, etiketov\u00e1n\u00ed nebo shrink sleevov\u00e1n\u00ed a balen\u00ed po 24 ks do TRAY ve smr\u0161\u0165ovac\u00ed folii. Ceny se pohybuj\u00ed od 8,- K\u010d za [&hellip;]<\/p>\n","protected":false},"author":1,"featured_media":0,"parent":0,"menu_order":0,"comment_status":"closed","ping_status":"closed","template":"","meta":{"footnotes":""},"class_list":["post-3023","page","type-page","status-publish","hentry"],"jetpack_sharing_enabled":true,"_links":{"self":[{"href":"https:\/\/pivotogo.cz\/cs\/wp-json\/wp\/v2\/pages\/3023","targetHints":{"allow":["GET"]}}],"collection":[{"href":"https:\/\/pivotogo.cz\/cs\/wp-json\/wp\/v2\/pages"}],"about":[{"href":"https:\/\/pivotogo.cz\/cs\/wp-json\/wp\/v2\/types\/page"}],"author":[{"embeddable":true,"href":"https:\/\/pivotogo.cz\/cs\/wp-json\/wp\/v2\/users\/1"}],"replies":[{"embeddable":true,"href":"https:\/\/pivotogo.cz\/cs\/wp-json\/wp\/v2\/comments?post=3023"}],"version-history":[{"count":16,"href":"https:\/\/pivotogo.cz\/cs\/wp-json\/wp\/v2\/pages\/3023\/revisions"}],"predecessor-version":[{"id":3175,"href":"https:\/\/pivotogo.cz\/cs\/wp-json\/wp\/v2\/pages\/3023\/revisions\/3175"}],"wp:attachment":[{"href":"https:\/\/pivotogo.cz\/cs\/wp-json\/wp\/v2\/media?parent=3023"}],"curies":[{"name":"wp","href":"https:\/\/api.w.org\/{rel}","templated":true}]}}