{"id":3557,"date":"2021-11-18T10:54:07","date_gmt":"2021-11-18T10:54:07","guid":{"rendered":"http:\/\/filipc10.sg-host.com\/obchodni-podminky-eshopu\/"},"modified":"2021-11-18T15:03:45","modified_gmt":"2021-11-18T15:03:45","slug":"obchodni-podminky-eshopu","status":"publish","type":"page","link":"https:\/\/pivotogo.cz\/cs\/obchodni-podminky-eshopu\/","title":{"rendered":"Z\u00e1sady ochrany osobn\u00edch \u00fadaj\u016f"},"content":{"rendered":"\t\t<div data-elementor-type=\"wp-page\" data-elementor-id=\"3557\" class=\"elementor elementor-3557 elementor-2375\" data-elementor-settings=\"{&quot;ha_cmc_init_switcher&quot;:&quot;no&quot;}\" data-elementor-post-type=\"page\">\n\t\t\t\t\t\t<section class=\"elementor-section elementor-top-section elementor-element elementor-element-1088888 elementor-section-height-min-height elementor-section-boxed elementor-section-height-default elementor-section-items-middle\" data-id=\"1088888\" data-element_type=\"section\" data-e-type=\"section\" data-settings=\"{&quot;background_background&quot;:&quot;classic&quot;,&quot;_ha_eqh_enable&quot;:false}\">\n\t\t\t\t\t\t\t<div class=\"elementor-background-overlay\"><\/div>\n\t\t\t\t\t\t\t<div class=\"elementor-container elementor-column-gap-default\">\n\t\t\t\t\t<div class=\"elementor-column elementor-col-100 elementor-top-column elementor-element elementor-element-73c52ba\" data-id=\"73c52ba\" data-element_type=\"column\" data-e-type=\"column\">\n\t\t\t<div class=\"elementor-widget-wrap elementor-element-populated\">\n\t\t\t\t\t\t<div class=\"elementor-element elementor-element-fb74853 elementor-widget elementor-widget-heading\" data-id=\"fb74853\" data-element_type=\"widget\" data-e-type=\"widget\" data-widget_type=\"heading.default\">\n\t\t\t\t<div class=\"elementor-widget-container\">\n\t\t\t\t\t<h2 class=\"elementor-heading-title elementor-size-default\">Z\u00e1sady ochrany osobn\u00edch \u00fadaj\u016f<\/h2>\t\t\t\t<\/div>\n\t\t\t\t<\/div>\n\t\t\t\t\t<\/div>\n\t\t<\/div>\n\t\t\t\t\t<\/div>\n\t\t<\/section>\n\t\t\t\t<section class=\"elementor-section elementor-top-section elementor-element elementor-element-5fb5ace6 elementor-section-boxed elementor-section-height-default elementor-section-height-default\" data-id=\"5fb5ace6\" data-element_type=\"section\" data-e-type=\"section\" data-settings=\"{&quot;background_background&quot;:&quot;classic&quot;,&quot;_ha_eqh_enable&quot;:false}\">\n\t\t\t\t\t\t<div class=\"elementor-container elementor-column-gap-default\">\n\t\t\t\t\t<div class=\"elementor-column elementor-col-100 elementor-top-column elementor-element elementor-element-1de632c1\" data-id=\"1de632c1\" data-element_type=\"column\" data-e-type=\"column\">\n\t\t\t<div class=\"elementor-widget-wrap elementor-element-populated\">\n\t\t\t\t\t\t<div class=\"elementor-element elementor-element-7b40a629 elementor-widget elementor-widget-text-editor\" data-id=\"7b40a629\" data-element_type=\"widget\" data-e-type=\"widget\" data-widget_type=\"text-editor.default\">\n\t\t\t\t<div class=\"elementor-widget-container\">\n\t\t\t\t\t\t\t\t\t<h3><strong>Shroma\u017e\u010fovan\u00e9 informace a jejich vyu\u017eit\u00ed<\/strong><\/h3>\n<p>P\u0159\u00edstup na str\u00e1nky www.pivotogo.cz m\u016f\u017ee b\u00fdt ze strany Provozovatele podm\u00edn\u011bn poskytnut\u00edm n\u011bkter\u00fdch osobn\u00edch \u00fadaj\u016f U\u017eivatele ve smyslu z\u00e1k. \u010d. 101\/2000 Sb., o ochran\u011b osobn\u00edch \u00fadaj\u016f a p\u0159\u00edpadn\u011b i jin\u00fdch z\u00e1kon\u016f, v platn\u00e9m zn\u011bn\u00ed. V takov\u00e9m p\u0159\u00edpad\u011b bude Provozovatel s t\u011bmito \u00fadaji nakl\u00e1dat v souladu s platn\u00fdmi pr\u00e1vn\u00edmi p\u0159edpisy.<\/p>\n<h3><strong>P\u0159ed\u00e1v\u00e1n\u00ed osobn\u00edch \u00fadaj\u016f<\/strong><\/h3>\n<p>Provozovatel spolupracuje se spole\u010dnostmi, kter\u00e9 mu poskytuj\u00ed r\u016fzn\u00e9 slu\u017eby. Tyto spole\u010dnosti, pokud jsou k tomu opr\u00e1vn\u011bn\u00e9, mohou nakl\u00e1dat s osobn\u00edmi \u00fadaji U\u017eivatele, p\u0159i\u010dem\u017e s t\u011bmito informacemi pracuj\u00ed pouze p\u0159i pln\u011bn\u00ed sv\u00fdch povinnost\u00ed a nesm\u00ed je pou\u017e\u00edt k jin\u00e9mu \u00fa\u010delu. Provozovatel osobn\u00ed \u00fadaje neprod\u00e1v\u00e1, nep\u0159ed\u00e1v\u00e1 ani nesd\u011bluje t\u0159et\u00edm osob\u00e1m.<\/p>\n<p>Provozovatel si v\u0161ak vyhrazuje pr\u00e1vo pou\u017e\u00edt nebo p\u0159edat jak\u00fdkoli \u00fadaj, kter\u00fd bude pot\u0159ebn\u00fd k napln\u011bn\u00ed pr\u00e1vn\u00edch p\u0159edpis\u016f, k ochran\u011b integrity s\u00edt\u011b, ke spln\u011bn\u00ed po\u017eadavku U\u017eivatele nebo p\u0159i soudn\u00edm vy\u0161et\u0159ov\u00e1n\u00ed a vy\u0161et\u0159ov\u00e1n\u00ed ve ve\u0159ejn\u00e9m z\u00e1jmu.<\/p>\n<p>Pokud si U\u017eivatel p\u0159eje opravit osobn\u00ed data, kter\u00e9 o n\u011bm Provozovatel m\u00e1, m\u016f\u017ee jej o to po\u017e\u00e1dat na po\u0161tovn\u00ed adrese uveden\u00e9 na str\u00e1nce Kontakty \u010di str\u00e1nce o autorsk\u00fdch pr\u00e1vech.<\/p>\n<h3><strong>K\u00f3dy t\u0159et\u00edch stran<\/strong><\/h3>\n<p>Na tomto webu pou\u017e\u00edv\u00e1me k\u00f3dy od spole\u010dnosti Google, kter\u00e9 n\u00e1m pom\u00e1haj\u00ed analyzovat chov\u00e1n\u00ed n\u00e1v\u0161t\u011bvn\u00edk\u016f webu.<\/p>\n<h3><strong>Universal Analytics<\/strong><\/h3>\n<p>Tato str\u00e1nka pou\u017e\u00edv\u00e1 Universal Analytics (Google Analytics) poskytovanou spole\u010dnost\u00ed Google, Inc. (&#8222;Google&#8220;). Slu\u017eba Universal Analytics pou\u017e\u00edv\u00e1 soubor\u016f \u201ecookies\u201e, kter\u00e9 jsou textov\u00fdmi soubory ukl\u00e1dan\u00fdmi do va\u0161eho po\u010d\u00edta\u010de, umo\u017e\u0148uj\u00edc\u00ed anal\u00fdzu zp\u016fsobu u\u017e\u00edv\u00e1n\u00ed t\u00e9to str\u00e1nky jej\u00edmi u\u017eivateli. Informace vygenerovan\u00e9 souborem cookie o u\u017e\u00edv\u00e1n\u00ed str\u00e1nky (v\u010detn\u011b va\u0161\u00ed IP adresy) budou spole\u010dnost\u00ed Google p\u0159eneseny a ulo\u017eeny na serverech ve Spojen\u00fdch st\u00e1tech.<\/p>\n<p>Google bude u\u017e\u00edvat tyto informace pro \u00fa\u010dely vyhodnocov\u00e1n\u00ed u\u017e\u00edv\u00e1n\u00ed str\u00e1nky a vytv\u00e1\u0159en\u00ed zpr\u00e1v o jej\u00ed aktivit\u011b, ur\u010den\u00fdch pro jej\u00ed provozovatele, a pro poskytov\u00e1n\u00ed dal\u0161\u00edch slu\u017eeb t\u00fdkaj\u00edc\u00edch se \u010dinnost\u00ed na str\u00e1nce a u\u017e\u00edv\u00e1n\u00ed internetu v\u016fbec. Google m\u016f\u017ee tak\u00e9 poskytnout tyto informace t\u0159et\u00edm osob\u00e1m, bude-li to po\u017eadov\u00e1no z\u00e1konem nebo budou-li takov\u00e9to t\u0159et\u00ed osoby zpracov\u00e1vat tyto informace pro Google. Google nebude spojovat va\u0161i IP adresu s jak\u00fdmikoli jin\u00fdmi daty, kter\u00e1 m\u00e1 k dispozici. Pou\u017e\u00edv\u00e1n\u00edm t\u00e9to str\u00e1nky souhlas\u00edte se zpracov\u00e1v\u00e1n\u00edm \u00fadaj\u016f o v\u00e1s spole\u010dnost\u00ed Google, a to zp\u016fsobem a k \u00fa\u010delu shora uveden\u00fdm.<\/p>\n<p>Podrobn\u00e9 informace o Google Analytics a ochran\u011b osobn\u00edch \u00fadaj\u016f naleznete na <a href=\"http:\/\/www.google.com\/intl\/en\/privacy\/privacy-policy.html.\" target=\"_blank\" rel=\"noopener\">adrese http:\/\/www.google.com\/intl\/cs\/privacy\/privacy-policy.html.<\/a> <\/p>\n<p>Chcete-li zabr\u00e1nit sledov\u00e1n\u00ed, m\u016f\u017eete si nainstalovat dopln\u011bk do webov\u00e9ho prohl\u00ed\u017ee\u010de ( <a href=\"http:\/\/tools.google.com\/dlpage\/gaoptout\" target=\"_blank\" rel=\"noopener\">http:\/\/tools.google.com\/dlpage\/gaoptout<\/a> ).<\/p>\n\t\t\t\t\t\t\t\t<\/div>\n\t\t\t\t<\/div>\n\t\t\t\t\t<\/div>\n\t\t<\/div>\n\t\t\t\t\t<\/div>\n\t\t<\/section>\n\t\t\t\t<\/div>\n\t\t","protected":false},"excerpt":{"rendered":"<p>Z\u00e1sady ochrany osobn\u00edch \u00fadaj\u016f Shroma\u017e\u010fovan\u00e9 informace a jejich vyu\u017eit\u00ed P\u0159\u00edstup na str\u00e1nky www.pivotogo.cz m\u016f\u017ee b\u00fdt ze strany Provozovatele podm\u00edn\u011bn poskytnut\u00edm n\u011bkter\u00fdch osobn\u00edch \u00fadaj\u016f U\u017eivatele ve smyslu z\u00e1k. \u010d. 101\/2000 Sb., o ochran\u011b osobn\u00edch \u00fadaj\u016f a p\u0159\u00edpadn\u011b i jin\u00fdch z\u00e1kon\u016f, v platn\u00e9m zn\u011bn\u00ed. V takov\u00e9m p\u0159\u00edpad\u011b bude Provozovatel s t\u011bmito \u00fadaji nakl\u00e1dat v souladu s platn\u00fdmi [&hellip;]<\/p>\n","protected":false},"author":1,"featured_media":0,"parent":0,"menu_order":7,"comment_status":"closed","ping_status":"closed","template":"","meta":{"footnotes":""},"class_list":["post-3557","page","type-page","status-publish","hentry"],"jetpack_sharing_enabled":true,"_links":{"self":[{"href":"https:\/\/pivotogo.cz\/cs\/wp-json\/wp\/v2\/pages\/3557","targetHints":{"allow":["GET"]}}],"collection":[{"href":"https:\/\/pivotogo.cz\/cs\/wp-json\/wp\/v2\/pages"}],"about":[{"href":"https:\/\/pivotogo.cz\/cs\/wp-json\/wp\/v2\/types\/page"}],"author":[{"embeddable":true,"href":"https:\/\/pivotogo.cz\/cs\/wp-json\/wp\/v2\/users\/1"}],"replies":[{"embeddable":true,"href":"https:\/\/pivotogo.cz\/cs\/wp-json\/wp\/v2\/comments?post=3557"}],"version-history":[{"count":12,"href":"https:\/\/pivotogo.cz\/cs\/wp-json\/wp\/v2\/pages\/3557\/revisions"}],"predecessor-version":[{"id":3602,"href":"https:\/\/pivotogo.cz\/cs\/wp-json\/wp\/v2\/pages\/3557\/revisions\/3602"}],"wp:attachment":[{"href":"https:\/\/pivotogo.cz\/cs\/wp-json\/wp\/v2\/media?parent=3557"}],"curies":[{"name":"wp","href":"https:\/\/api.w.org\/{rel}","templated":true}]}}