{"id":2595,"date":"2021-09-15T13:53:48","date_gmt":"2021-11-07T11:34:14","guid":{"rendered":"http:\/\/filipc10.sg-host.com\/product\/zavarovaci-stroj-i-kan\/"},"modified":"2021-11-17T13:49:46","modified_gmt":"2021-11-17T13:49:46","slug":"i-kan-vickovaci-stroj","status":"publish","type":"product","link":"https:\/\/pivotogo.cz\/cs\/produkt\/i-kan-vickovaci-stroj\/","title":{"rendered":"V\u00cd\u010cKOVAC\u00cd STROJ iKAN"},"content":{"rendered":"<p><strong>typ \/ model:<\/strong> IKAN &#8211; PTG &#8211; 90 &#8211; MICRO<\/p>\n<p><strong>pozn\u00e1mka \/ up\u0159esn\u011bn\u00ed:<\/strong> v\u010detn\u011b 1 ks n\u00e1stavce dle volby z\u00e1kazn\u00edka<\/p>\n","protected":false},"excerpt":{"rendered":"<p>typ \/ model: IKAN &#8211; PTG &#8211; 90 &#8211; MICRO pozn\u00e1mka \/ up\u0159esn\u011bn\u00ed: v\u010detn\u011b 1 ks n\u00e1stavce dle volby z\u00e1kazn\u00edka<\/p>\n","protected":false},"featured_media":2446,"template":"","meta":[],"product_brand":[],"product_cat":[49],"product_tag":[],"class_list":{"0":"post-2595","1":"product","2":"type-product","3":"status-publish","4":"has-post-thumbnail","6":"product_cat-stroje","7":"product_shipping_class-ikan","9":"first","10":"instock","11":"taxable","12":"shipping-taxable","13":"purchasable","14":"product-type-simple"},"jetpack_sharing_enabled":true,"_links":{"self":[{"href":"https:\/\/pivotogo.cz\/cs\/wp-json\/wp\/v2\/product\/2595","targetHints":{"allow":["GET"]}}],"collection":[{"href":"https:\/\/pivotogo.cz\/cs\/wp-json\/wp\/v2\/product"}],"about":[{"href":"https:\/\/pivotogo.cz\/cs\/wp-json\/wp\/v2\/types\/product"}],"version-history":[{"count":5,"href":"https:\/\/pivotogo.cz\/cs\/wp-json\/wp\/v2\/product\/2595\/revisions"}],"predecessor-version":[{"id":3304,"href":"https:\/\/pivotogo.cz\/cs\/wp-json\/wp\/v2\/product\/2595\/revisions\/3304"}],"wp:featuredmedia":[{"embeddable":true,"href":"https:\/\/pivotogo.cz\/cs\/wp-json\/wp\/v2\/media\/2446"}],"wp:attachment":[{"href":"https:\/\/pivotogo.cz\/cs\/wp-json\/wp\/v2\/media?parent=2595"}],"wp:term":[{"taxonomy":"product_brand","embeddable":true,"href":"https:\/\/pivotogo.cz\/cs\/wp-json\/wp\/v2\/product_brand?post=2595"},{"taxonomy":"product_cat","embeddable":true,"href":"https:\/\/pivotogo.cz\/cs\/wp-json\/wp\/v2\/product_cat?post=2595"},{"taxonomy":"product_tag","embeddable":true,"href":"https:\/\/pivotogo.cz\/cs\/wp-json\/wp\/v2\/product_tag?post=2595"}],"curies":[{"name":"wp","href":"https:\/\/api.w.org\/{rel}","templated":true}]}}