{"id":2602,"date":"2021-08-16T01:53:37","date_gmt":"2021-11-07T11:34:15","guid":{"rendered":"http:\/\/filipc10.sg-host.com\/product\/keg-sud-25-l-tenky\/"},"modified":"2021-11-17T13:51:18","modified_gmt":"2021-11-17T13:51:18","slug":"sud-barel-25-l-slim","status":"publish","type":"product","link":"https:\/\/pivotogo.cz\/cs\/produkt\/sud-barel-25-l-slim\/","title":{"rendered":"sud 25 l SLIM 40 ks"},"content":{"rendered":"<ul>\n<li>Kapacita 25l<\/li>\n<li>Italian Style<\/li>\n<li>40 sud\u016f na paletu<\/li>\n<li>Testovan\u00e9 t\u011bsn\u011bn\u00ed<\/li>\n<li>Jak\u00fdkoli typ sudov\u00e9ho ventilu<\/li>\n<li>S nebo bez bezpe\u010dnostn\u00edho z\u00e1mku<\/li>\n<li>K dispozici jsou sudov\u00e9 ventily<\/li>\n<li>Mo\u017enost ra\u017eby<\/li>\n<\/ul>\n","protected":false},"excerpt":{"rendered":"<div id=\"div_block-514-14\" class=\"ct-div-block infobox\">\n<div id=\"div_block-516-14\" class=\"ct-div-block\">\n<div id=\"text_block-518-14\" class=\"ct-text-block\">Z\u00e1sobte sv\u016fj pivovar t\u011bmi nejlep\u0161\u00edmi sudy na trhu Sudy jsou vyr\u00e1b\u011bny a testov\u00e1ny na kvalitu v za\u0159\u00edzen\u00ed s certifikac\u00ed ISO 9001 a dodr\u017euj\u00ed p\u0159\u00edsn\u00e9 normy kontroly kvality. Ka\u017ed\u00fd 25l sud je vyroben v\u00fdhradn\u011b z nerezov\u00e9 oceli.<\/div>\n<\/div>\n<\/div>\n","protected":false},"featured_media":2460,"template":"","meta":[],"product_brand":[],"product_cat":[49],"product_tag":[],"class_list":{"0":"post-2602","1":"product","2":"type-product","3":"status-publish","4":"has-post-thumbnail","6":"product_cat-stroje","7":"product_shipping_class-soudky","9":"first","10":"instock","11":"taxable","12":"shipping-taxable","13":"purchasable","14":"product-type-simple"},"jetpack_sharing_enabled":true,"_links":{"self":[{"href":"https:\/\/pivotogo.cz\/cs\/wp-json\/wp\/v2\/product\/2602","targetHints":{"allow":["GET"]}}],"collection":[{"href":"https:\/\/pivotogo.cz\/cs\/wp-json\/wp\/v2\/product"}],"about":[{"href":"https:\/\/pivotogo.cz\/cs\/wp-json\/wp\/v2\/types\/product"}],"version-history":[{"count":2,"href":"https:\/\/pivotogo.cz\/cs\/wp-json\/wp\/v2\/product\/2602\/revisions"}],"predecessor-version":[{"id":2827,"href":"https:\/\/pivotogo.cz\/cs\/wp-json\/wp\/v2\/product\/2602\/revisions\/2827"}],"wp:featuredmedia":[{"embeddable":true,"href":"https:\/\/pivotogo.cz\/cs\/wp-json\/wp\/v2\/media\/2460"}],"wp:attachment":[{"href":"https:\/\/pivotogo.cz\/cs\/wp-json\/wp\/v2\/media?parent=2602"}],"wp:term":[{"taxonomy":"product_brand","embeddable":true,"href":"https:\/\/pivotogo.cz\/cs\/wp-json\/wp\/v2\/product_brand?post=2602"},{"taxonomy":"product_cat","embeddable":true,"href":"https:\/\/pivotogo.cz\/cs\/wp-json\/wp\/v2\/product_cat?post=2602"},{"taxonomy":"product_tag","embeddable":true,"href":"https:\/\/pivotogo.cz\/cs\/wp-json\/wp\/v2\/product_tag?post=2602"}],"curies":[{"name":"wp","href":"https:\/\/api.w.org\/{rel}","templated":true}]}}