{"id":2622,"date":"2021-09-15T12:09:47","date_gmt":"2021-11-07T11:34:16","guid":{"rendered":"http:\/\/filipc10.sg-host.com\/product\/plechovky-330-ml-krabicka-145-ks\/"},"modified":"2021-11-18T09:54:41","modified_gmt":"2021-11-18T09:54:41","slug":"plechovky-330-ml","status":"publish","type":"product","link":"https:\/\/pivotogo.cz\/cs\/produkt\/plechovky-330-ml\/","title":{"rendered":"Plechovky 330 ml (box 150, 160 ks)"},"content":{"rendered":"","protected":false},"excerpt":{"rendered":"<ul>\n<li>Plechovky lze objednat <a href=\"http:\/\/pivotogo.cz\/shop\/can-sleeving\/\">v\u010detn\u011b sleevingu<\/a> nebo bez<\/li>\n<li>Plechovky bez sleevingu jsou dod\u00e1v\u00e1ny bez minim\u00e1ln\u00ed objedn\u00e1vky <strong>(v\u010detn\u011b sleevingu je min. objedn\u00e1vka 500 kus\u016f)<\/strong><\/li>\n<li>Dod\u00e1v\u00e1ny v tuzemsku prost\u0159ednictv\u00edm slu\u017eby PPL nebo Z\u00e1silkovna<\/li>\n<li>Ve\u0161ker\u00e9 plechovky jsou dod\u00e1v\u00e1ny v\u010detn\u011b v\u00ed\u010dek \u2013 na v\u00fdb\u011br ze 2 v\u00ed\u010dek<\/li>\n<li>Plechovky jsou dod\u00e1v\u00e1ny \u010dist\u00e9 nebo zasleevovan\u00e9<\/li>\n<\/ul>\n","protected":false},"featured_media":3343,"template":"","meta":[],"product_brand":[],"product_cat":[48],"product_tag":[],"class_list":{"0":"post-2622","1":"product","2":"type-product","3":"status-publish","4":"has-post-thumbnail","6":"product_cat-plechovky","7":"product_shipping_class-plechovky","9":"first","10":"instock","11":"featured","12":"taxable","13":"shipping-taxable","14":"purchasable","15":"product-type-variable","16":"has-default-attributes"},"jetpack_sharing_enabled":true,"_links":{"self":[{"href":"https:\/\/pivotogo.cz\/cs\/wp-json\/wp\/v2\/product\/2622","targetHints":{"allow":["GET"]}}],"collection":[{"href":"https:\/\/pivotogo.cz\/cs\/wp-json\/wp\/v2\/product"}],"about":[{"href":"https:\/\/pivotogo.cz\/cs\/wp-json\/wp\/v2\/types\/product"}],"version-history":[{"count":7,"href":"https:\/\/pivotogo.cz\/cs\/wp-json\/wp\/v2\/product\/2622\/revisions"}],"predecessor-version":[{"id":3536,"href":"https:\/\/pivotogo.cz\/cs\/wp-json\/wp\/v2\/product\/2622\/revisions\/3536"}],"wp:featuredmedia":[{"embeddable":true,"href":"https:\/\/pivotogo.cz\/cs\/wp-json\/wp\/v2\/media\/3343"}],"wp:attachment":[{"href":"https:\/\/pivotogo.cz\/cs\/wp-json\/wp\/v2\/media?parent=2622"}],"wp:term":[{"taxonomy":"product_brand","embeddable":true,"href":"https:\/\/pivotogo.cz\/cs\/wp-json\/wp\/v2\/product_brand?post=2622"},{"taxonomy":"product_cat","embeddable":true,"href":"https:\/\/pivotogo.cz\/cs\/wp-json\/wp\/v2\/product_cat?post=2622"},{"taxonomy":"product_tag","embeddable":true,"href":"https:\/\/pivotogo.cz\/cs\/wp-json\/wp\/v2\/product_tag?post=2622"}],"curies":[{"name":"wp","href":"https:\/\/api.w.org\/{rel}","templated":true}]}}