{"id":3140,"date":"2021-11-15T13:47:07","date_gmt":"2021-11-15T13:47:13","guid":{"rendered":"http:\/\/filipc10.sg-host.com\/product\/ikan-lease\/"},"modified":"2021-11-17T13:35:52","modified_gmt":"2021-11-17T13:35:52","slug":"i-kan-lease","status":"publish","type":"product","link":"https:\/\/pivotogo.cz\/cs\/produkt\/i-kan-lease\/","title":{"rendered":"iKAN Pron\u00e1jem"},"content":{"rendered":"","protected":false},"excerpt":{"rendered":"<ul>\n<li>vratn\u00e1 kauce za v\u00ed\u010dkovac\u00ed stroj iKAN CZK 25 000,- K\u010d (nepodl\u00e9h\u00e1 DPH)<\/li>\n<li>doru\u010den\u00ed stroje k z\u00e1kazn\u00edkovi (do 50 km) a za\u0161kolen\u00ed obsluhy: 1 500,- K\u010d vzd\u00e1lenost nad 50 km je \u00fa\u010dtov\u00e1no 10,- K\u010d\/km<\/li>\n<li>d\u00e9lka pron\u00e1jmu nen\u00ed \u010dasov\u011b omezena, minim\u00e1ln\u011b v\u0161ak 6 m\u011bs\u00edc\u016f<\/li>\n<li>po 36-ti m\u011bs\u00edc\u00edch pron\u00e1jmu se m\u011bs\u00ed\u010dn\u00ed n\u00e1jemn\u00e9 sn\u00ed\u017euje na 1500,- K\u010d\/m\u011bs.<\/li>\n<li>* Uveden\u00e9 ceny plat\u00ed pouze pro \u010cR, bez DPH<\/li>\n<\/ul>\n<p>&nbsp;<\/p>\n<p><strong>M\u011bs\u00ed\u010dn\u00ed n\u00e1jem:<\/strong><\/p>\n<ul>\n<li>2500,- \/m\u011bs. \u2013 pivovar, minipivovar<br \/>\n2250,- \/m\u011bs. \u2013 restaurace, bar, kav\u00e1rna, vin\u00e1rna (stroj je viditeln\u011b um\u00edst\u011bn)<\/li>\n<\/ul>\n<p>&nbsp;<\/p>\n<p><a href=\"http:\/\/pivotogo.cz\/shop\/i-kan\/\">V\u00edce o iKAN <\/a><\/p>\n","protected":false},"featured_media":2446,"template":"","meta":[],"product_brand":[],"product_cat":[49],"product_tag":[],"class_list":{"0":"post-3140","1":"product","2":"type-product","3":"status-publish","4":"has-post-thumbnail","6":"product_cat-stroje","7":"product_shipping_class-ikan","9":"first","10":"instock","11":"taxable","12":"shipping-taxable","13":"purchasable","14":"product-type-simple"},"jetpack_sharing_enabled":true,"_links":{"self":[{"href":"https:\/\/pivotogo.cz\/cs\/wp-json\/wp\/v2\/product\/3140","targetHints":{"allow":["GET"]}}],"collection":[{"href":"https:\/\/pivotogo.cz\/cs\/wp-json\/wp\/v2\/product"}],"about":[{"href":"https:\/\/pivotogo.cz\/cs\/wp-json\/wp\/v2\/types\/product"}],"version-history":[{"count":12,"href":"https:\/\/pivotogo.cz\/cs\/wp-json\/wp\/v2\/product\/3140\/revisions"}],"predecessor-version":[{"id":3303,"href":"https:\/\/pivotogo.cz\/cs\/wp-json\/wp\/v2\/product\/3140\/revisions\/3303"}],"wp:featuredmedia":[{"embeddable":true,"href":"https:\/\/pivotogo.cz\/cs\/wp-json\/wp\/v2\/media\/2446"}],"wp:attachment":[{"href":"https:\/\/pivotogo.cz\/cs\/wp-json\/wp\/v2\/media?parent=3140"}],"wp:term":[{"taxonomy":"product_brand","embeddable":true,"href":"https:\/\/pivotogo.cz\/cs\/wp-json\/wp\/v2\/product_brand?post=3140"},{"taxonomy":"product_cat","embeddable":true,"href":"https:\/\/pivotogo.cz\/cs\/wp-json\/wp\/v2\/product_cat?post=3140"},{"taxonomy":"product_tag","embeddable":true,"href":"https:\/\/pivotogo.cz\/cs\/wp-json\/wp\/v2\/product_tag?post=3140"}],"curies":[{"name":"wp","href":"https:\/\/api.w.org\/{rel}","templated":true}]}}