{"id":3374,"date":"2021-09-13T21:43:42","date_gmt":"2021-11-15T21:46:41","guid":{"rendered":"http:\/\/filipc10.sg-host.com\/product\/plechovky-200-ml-slim-krabicka-175-ks\/"},"modified":"2021-11-17T22:17:40","modified_gmt":"2021-11-17T22:17:40","slug":"plechovky-200-ml-slim-box-175-ks","status":"publish","type":"product","link":"https:\/\/pivotogo.cz\/cs\/produkt\/plechovky-200-ml-slim-box-175-ks\/","title":{"rendered":"Plechovky 200 ml (Slim, box 175 ks)"},"content":{"rendered":"","protected":false},"excerpt":{"rendered":"<ul>\n<li>Plechovky lze objednat <a href=\"http:\/\/pivotogo.cz\/shop\/can-sleeving\/\">v\u010detn\u011b sleevingu<\/a> nebo bez<\/li>\n<li>Plechovky bez sleevingu jsou dod\u00e1v\u00e1ny bez minim\u00e1ln\u00ed objedn\u00e1vky <strong>(v\u010detn\u011b sleevingu je min. objedn\u00e1vka 500 kus\u016f)<\/strong><\/li>\n<li>Dod\u00e1v\u00e1ny v tuzemsku prost\u0159ednictv\u00edm slu\u017eby PPL nebo Z\u00e1silkovna<\/li>\n<li>Ve\u0161ker\u00e9 plechovky jsou dod\u00e1v\u00e1ny v\u010detn\u011b v\u00ed\u010dek \u2013 na v\u00fdb\u011br ze 2 v\u00ed\u010dek<\/li>\n<li>Plechovky jsou dod\u00e1v\u00e1ny \u010dist\u00e9 nebo zasleevovan\u00e9<\/li>\n<\/ul>\n","protected":false},"featured_media":3353,"template":"","meta":[],"product_brand":[],"product_cat":[48],"product_tag":[],"class_list":{"0":"post-3374","1":"product","2":"type-product","3":"status-publish","4":"has-post-thumbnail","6":"product_cat-plechovky","7":"product_shipping_class-plechovky","9":"first","10":"instock","11":"featured","12":"taxable","13":"shipping-taxable","14":"purchasable","15":"product-type-variable"},"jetpack_sharing_enabled":true,"_links":{"self":[{"href":"https:\/\/pivotogo.cz\/cs\/wp-json\/wp\/v2\/product\/3374","targetHints":{"allow":["GET"]}}],"collection":[{"href":"https:\/\/pivotogo.cz\/cs\/wp-json\/wp\/v2\/product"}],"about":[{"href":"https:\/\/pivotogo.cz\/cs\/wp-json\/wp\/v2\/types\/product"}],"version-history":[{"count":4,"href":"https:\/\/pivotogo.cz\/cs\/wp-json\/wp\/v2\/product\/3374\/revisions"}],"predecessor-version":[{"id":3431,"href":"https:\/\/pivotogo.cz\/cs\/wp-json\/wp\/v2\/product\/3374\/revisions\/3431"}],"wp:featuredmedia":[{"embeddable":true,"href":"https:\/\/pivotogo.cz\/cs\/wp-json\/wp\/v2\/media\/3353"}],"wp:attachment":[{"href":"https:\/\/pivotogo.cz\/cs\/wp-json\/wp\/v2\/media?parent=3374"}],"wp:term":[{"taxonomy":"product_brand","embeddable":true,"href":"https:\/\/pivotogo.cz\/cs\/wp-json\/wp\/v2\/product_brand?post=3374"},{"taxonomy":"product_cat","embeddable":true,"href":"https:\/\/pivotogo.cz\/cs\/wp-json\/wp\/v2\/product_cat?post=3374"},{"taxonomy":"product_tag","embeddable":true,"href":"https:\/\/pivotogo.cz\/cs\/wp-json\/wp\/v2\/product_tag?post=3374"}],"curies":[{"name":"wp","href":"https:\/\/api.w.org\/{rel}","templated":true}]}}